{"id":92,"date":"2025-09-11T09:11:49","date_gmt":"2025-09-11T09:11:49","guid":{"rendered":"http:\/\/reemploibtphautcantal.fr\/?page_id=92"},"modified":"2025-09-17T05:05:56","modified_gmt":"2025-09-17T05:05:56","slug":"kezako","status":"publish","type":"page","link":"https:\/\/reemploibtphautcantal.fr\/index.php\/kezako\/","title":{"rendered":"Le r\u00e9emploi des PMCB dans le nord cantal KEZAKO\u00a0?"},"content":{"rendered":"\n<div class=\"wp-block-group alignfull has-ti-fg-alt-color has-ti-bg-inv-background-color has-text-color has-background has-link-color wp-elements-adacd61ed89ee087dfd88c5d1b55a677 is-layout-constrained wp-container-core-group-is-layout-2037270e wp-block-group-is-layout-constrained\" style=\"margin-top:0;margin-bottom:0;padding-top:var(--wp--preset--spacing--80);padding-right:var(--wp--preset--spacing--40);padding-bottom:var(--wp--preset--spacing--80);padding-left:var(--wp--preset--spacing--40)\">\n<div class=\"wp-block-columns is-layout-flex wp-container-core-columns-is-layout-28f84493 wp-block-columns-is-layout-flex\">\n<div class=\"wp-block-column is-layout-flow wp-block-column-is-layout-flow\" style=\"flex-basis:100%\">\n<p>Nous diffuserons sur cette page, le rapport de notre \u00e9tude-action r\u00e9alis\u00e9e de septembre 2025 \u00e0 juillet 2026.<\/p>\n\n\n\n<p>En attendant, voici une r\u00e9ponse g\u00e9n\u00e9rale et nos esp\u00e9rances pour le Nord Cantal.<\/p>\n\n\n\n<div class=\"wp-block-group has-ti-accent-background-color has-background is-layout-constrained wp-container-core-group-is-layout-5431f676 wp-block-group-is-layout-constrained\" style=\"padding-top:16px;padding-right:16px;padding-bottom:16px;padding-left:16px\">\n<details class=\"wp-block-details is-layout-flow wp-block-details-is-layout-flow\"><summary><strong>Le r\u00e9emploi, c\u2019est quoi\u00a0?<\/strong><\/summary>\n<p>Dans le langage courant, on utilise plut\u00f4t les termes d\u2019\u00ab&nbsp;occasion&nbsp;\u00bb&nbsp;, de \u00ab&nbsp;seconde main&nbsp;\u00bb, ou encore \u00ab&nbsp;reconditionn\u00e9&nbsp;\u00bb, \u00ab&nbsp;deuxi\u00e8me vie&nbsp;\u00bb\u2026 Le \u00ab&nbsp;r\u00e9emploi&nbsp;\u00bb, vocabulaire emprunt\u00e9 au code de l\u2019environnement, est pr\u00e9f\u00e9r\u00e9 par les professionnels et l\u2019administration mais il s\u2019agit bien de la m\u00eame pratique&nbsp;:<\/p>\n\n\n\n<blockquote class=\"wp-block-quote is-layout-flow wp-block-quote-is-layout-flow\">\n<p class=\"has-normal-font-size\"><em>\u00ab\u00a0Toute op\u00e9ration par laquelle des substances, mati\u00e8res ou produits qui ne sont pas des d\u00e9chets sont utilis\u00e9s de nouveau pour un usage identique \u00e0 celui pour lequel ils avaient \u00e9t\u00e9 con\u00e7us.\u00a0\u00bb ((Article L 541-1-1 du Code de l\u2019environnement).\u00a0<\/em><\/p>\n<\/blockquote>\n<\/details>\n<\/div>\n\n\n\n<div class=\"wp-block-group has-ti-accent-background-color has-background is-layout-constrained wp-container-core-group-is-layout-5431f676 wp-block-group-is-layout-constrained\" style=\"padding-top:16px;padding-right:16px;padding-bottom:16px;padding-left:16px\">\n<details class=\"wp-block-details is-layout-flow wp-block-details-is-layout-flow\"><summary><strong>Mais pourquoi r\u00e9employer dans le BTP\u00a0?<\/strong><\/summary>\n<p>Dans la cadre de la transition \u00e9nerg\u00e9tique, les nouvelles r\u00e9glementations fran\u00e7aises imposent un changement de pratiques en faveur du r\u00e9emploi dans tous les secteurs \u00e9conomiques<sup><a href=\"https:\/\/www.ecologie.gouv.fr\/loi-anti-gaspillage-economie-circulaire\" data-type=\"link\" data-id=\"https:\/\/www.ecologie.gouv.fr\/loi-anti-gaspillage-economie-circulaire\">1<\/a> <a href=\"https:\/\/filieres-rep.ademe.fr\/principe-et-reglementation\/reglementation\" data-type=\"link\" data-id=\"https:\/\/filieres-rep.ademe.fr\/principe-et-reglementation\/reglementation\">2<\/a><\/sup>.<\/p>\n\n\n\n<p>Rapports et \u00e9tudes<sup><a href=\"https:\/\/www.ffbatiment.fr\/techniques-batiment\/performance-environnementale-batiments\/reduction-carbone\/dossier\/reemploi-materiaux-produits-construction-dans-batiment\" data-type=\"link\" data-id=\"https:\/\/www.ffbatiment.fr\/techniques-batiment\/performance-environnementale-batiments\/reduction-carbone\/dossier\/reemploi-materiaux-produits-construction-dans-batiment\">3<\/a><\/sup> indiquent que le secteur du B\u00e2timent et des Travaux Public (BTP) est l\u2019un des secteur le plus cr\u00e9ateur de d\u00e9chets et parall\u00e8lement celui qui a le plus gros potentiel de r\u00e9emploi<sup><a href=\"https:\/\/librairie.ademe.fr\/industrie-et-production-durable\/1424-repar-2-le-reemploi-passerelle-entre-architecture-et-industrie.html\" data-type=\"link\" data-id=\"https:\/\/librairie.ademe.fr\/industrie-et-production-durable\/1424-repar-2-le-reemploi-passerelle-entre-architecture-et-industrie.html\">4<\/a> <\/sup>.<\/p>\n\n\n\n<p>C\u2019est un enjeu de taille nationale, d\u2019autant plus dans le Nord Cantal, o\u00f9 le r\u00e9emploi appara\u00eet comme une opportunit\u00e9 de relocaliser notre \u00e9conomie, et ainsi maintenir et cr\u00e9er des emplois pour le d\u00e9veloppement d\u2019une fili\u00e8re professionnelle, depuis l\u2019architecte \u00e0 l\u2019ouvrier sp\u00e9cialis\u00e9 dans le b\u00e2timent durable.<\/p>\n\n\n\n<p>C\u2019est aussi la possibilit\u00e9 pour les habitants d\u2019acc\u00e9der \u00e0 des mat\u00e9riaux \u00e0 moindre co\u00fbts pour favoriser la r\u00e9habilitation de logements anciens, et pour les collectivit\u00e9s locales d\u2019\u00eatre une vitrine de nouvelles pratiques innovantes.<\/p>\n<\/details>\n<\/div>\n\n\n\n<div class=\"wp-block-group has-ti-accent-background-color has-background is-layout-constrained wp-container-core-group-is-layout-5431f676 wp-block-group-is-layout-constrained\" style=\"padding-top:16px;padding-right:16px;padding-bottom:16px;padding-left:16px\">\n<details class=\"wp-block-details is-layout-flow wp-block-details-is-layout-flow\"><summary><strong>Que peut-on r\u00e9employer ?<\/strong><\/summary>\n<p>A ce stade (septembre 2025, d\u00e9but de l\u2019\u00e9tude) nous ne connaissons pas avec certitude le gisement de mat\u00e9riaux que nous pourrons r\u00e9employer.<\/p>\n\n\n\n<p>N\u00e9anmoins, le nord Cantal \u00e9tant essentiellement rural, avec une majorit\u00e9 d\u2019habitations construites avant 1950, cette configuration se r\u00e9v\u00e8lera certainement \u00eatre une aubaine pour tester le r\u00e9emploi des mat\u00e9riaux dit nobles (bois, pierre, tomette, etc ).<\/p>\n\n\n\n<p>Les autres mat\u00e9riaux (bois adjuvant\u00e9s, peintures acryliques, tube PVC, etc) sont peu \u00e9cologiques, leur production tr\u00e8s \u00e9nergivore. De ce fait, puisque notre action \u00e0 pour but de trouver des solutions pour r\u00e9duire l\u2019impact carbone dans le B\u00e2timent nous devrions les exclure de l\u2019\u00e9tude-action. Or le cadre de notre \u00e9tude est \u00e9galement de r\u00e9duire les d\u00e9chets, aussi nous avons d\u00e9cider de tester leur r\u00e9emploi. Le cas \u00e9ch\u00e9ant nous pourrons alors pr\u00e9ciser les alternatives existantes pour favoriser des pratiques \u00e9cologiques.<\/p>\n<\/details>\n<\/div>\n\n\n\n<div class=\"wp-block-group has-ti-accent-background-color has-background is-layout-constrained wp-container-core-group-is-layout-5431f676 wp-block-group-is-layout-constrained\" style=\"padding-top:16px;padding-right:16px;padding-bottom:16px;padding-left:16px\">\n<details class=\"wp-block-details is-layout-flow wp-block-details-is-layout-flow\"><summary><strong>Comment r\u00e9cup\u00e9rer et r\u00e9employer les mat\u00e9riaux\u00a0?<\/strong><\/summary>\n<p>Il existe plusieurs solutions.<\/p>\n\n\n\n<p>En fin de chantier, nous pourrons aller chercher les mat\u00e9riaux, \u00absurplus de chantiers&nbsp;\u00bb &nbsp;sur demande explicite de la part des artisans ou des maitres d\u2019ouvrages. Cette solution est simpliste mais pr\u00e9sente des risques que les mat\u00e9riaux soient endommag\u00e9s.<\/p>\n\n\n\n<p>Aussi, et c\u2019est le coeur de notre d\u00e9marche, nous souhaiterions intervenir en amont de tout projet de r\u00e9novation. En partenariat avec les architectes, les artisans et les maitres d\u2019ouvrage, nous pourrons r\u00e9aliser un \u00ab&nbsp;diagnostic ressource&nbsp;\u00bb avant le d\u00e9marrage des travaux. C\u2019est \u00e0 dire \u00e9tablir une liste d\u00e9taill\u00e9e des mat\u00e9riaux pouvant \u00eatre r\u00e9employ\u00e9s, puis programmer une intervention pour venir deposer soigneusement les mat\u00e9riaux \u00e0 r\u00e9cuperer.<\/p>\n\n\n\n<p>Les mat\u00e9riaux ainsi \u00e9pargn\u00e9s pourront \u00eatre valoris\u00e9s et reconditionn\u00e9s pour \u00eatre revendus \u00e0 bas prix lors de ventes \u00e9ph\u00e9m\u00e8res puis au sein de la mat\u00e9riauth\u00e8que.<\/p>\n<\/details>\n<\/div>\n\n\n\n<div class=\"wp-block-group has-ti-accent-background-color has-background is-layout-constrained wp-container-core-group-is-layout-5431f676 wp-block-group-is-layout-constrained\" style=\"padding-top:16px;padding-right:16px;padding-bottom:16px;padding-left:16px\">\n<details class=\"wp-block-details is-layout-flow wp-block-details-is-layout-flow\"><summary><strong>Qui peut g\u00e9rer le r\u00e9emploi \u00a0?<\/strong><\/summary>\n<p>Le r\u00e9emploi dans le secteur BTP oblige \u00e0 r\u00e9inventer enti\u00e8rement la fili\u00e8re professionnelle, de l\u2019architecte \u00e0 l\u2019ouvrier non sp\u00e9cialis\u00e9.<\/p>\n\n\n\n<p>Pendant cette ann\u00e9e \u00e9tude-action, nous tenterons de r\u00e9pertorier les forces vives du territoire pour cr\u00e9er un annuaire de professionnels sp\u00e9cialis\u00e9s dans le r\u00e9emploi. Nous d\u00e9velopperons \u00e9galement des pratiques pour devenir une plateforme de r\u00e9f\u00e9rence o\u00f9 trouver conseils pour la r\u00e9novation bas carbone.<\/p>\n<\/details>\n<\/div>\n\n\n\n<div class=\"wp-block-group has-ti-accent-background-color has-background is-layout-constrained wp-container-core-group-is-layout-5431f676 wp-block-group-is-layout-constrained\" style=\"padding-top:16px;padding-right:16px;padding-bottom:16px;padding-left:16px\">\n<details class=\"wp-block-details is-layout-flow wp-block-details-is-layout-flow\"><summary><strong>Vous avez d&#8217;autres questions ?<\/strong><\/summary>\n<p>Pour aller plus loin, et si ce n&#8217;est pas d\u00e9j\u00e0 fait, vous pouvez consulter les liens suivants :<\/p>\n\n\n\n<ul class=\"wp-block-list\">\n<li>la loi AGEC : <a href=\"https:\/\/www.ecologie.gouv.fr\/loi-anti-gaspillage-economie-circulaire\">https:\/\/www.ecologie.gouv.fr\/loi-anti-gaspillage-economie-circulaire<\/a><\/li>\n\n\n\n<li>la r\u00e9glementation de la filiere REP : <a href=\"https:\/\/filieres-rep.a\/\">https:\/\/filieres-rep.a<\/a><a href=\"https:\/\/filieres-rep.ademe.fr\/principe-et-reglementation\/reglementation\">deme.fr\/principe-et-reglementation\/reglementation<\/a><\/li>\n\n\n\n<li>F\u00e9d\u00e9ration Fran\u00e7aise du Batiment &#8211; rapport\/\u00e9tude : <br><a href=\"https:\/\/www.ffbatiment.fr\/techniques-batiment\/performance-environnementale-batiments\/reduction-carbone\/dossier\/reemploi-materiaux-produits-construction-dans-batiment\">https:\/\/www.ffbatiment.fr\/techniques-batiment\/performance-environnementale-batiments\/reduction-carbone\/dossier\/reemploi-materiaux-produits-construction-dans-batiment<\/a><\/li>\n\n\n\n<li>ADEME &#8211; programme de recherche et d&#8217;expertise sur le r\u00e9emploi en construction : <br><a href=\"https:\/\/librairie.ademe.fr\/industrie-et-production-durable\/1424-repar-2-le-reemploi-passerelle-entre-architecture-et-industrie.html\">https:\/\/librairie.ademe.fr\/industrie-et-production-durable\/1424-repar-2-le-reemploi-passerelle-entre-architecture-et-industrie.html<\/a><\/li>\n<\/ul>\n<\/details>\n<\/div>\n<\/div>\n<\/div>\n<\/div>\n","protected":false},"excerpt":{"rendered":"<p>Nous diffuserons sur cette page, le rapport de notre \u00e9tude-action r\u00e9alis\u00e9e de septembre 2025 \u00e0 juillet 2026. En attendant, voici une r\u00e9ponse g\u00e9n\u00e9rale et nos esp\u00e9rances pour le Nord Cantal.<\/p>\n","protected":false},"author":1,"featured_media":0,"parent":0,"menu_order":0,"comment_status":"closed","ping_status":"closed","template":"","meta":{"footnotes":""},"class_list":["post-92","page","type-page","status-publish","hentry"],"_links":{"self":[{"href":"https:\/\/reemploibtphautcantal.fr\/index.php\/wp-json\/wp\/v2\/pages\/92","targetHints":{"allow":["GET"]}}],"collection":[{"href":"https:\/\/reemploibtphautcantal.fr\/index.php\/wp-json\/wp\/v2\/pages"}],"about":[{"href":"https:\/\/reemploibtphautcantal.fr\/index.php\/wp-json\/wp\/v2\/types\/page"}],"author":[{"embeddable":true,"href":"https:\/\/reemploibtphautcantal.fr\/index.php\/wp-json\/wp\/v2\/users\/1"}],"replies":[{"embeddable":true,"href":"https:\/\/reemploibtphautcantal.fr\/index.php\/wp-json\/wp\/v2\/comments?post=92"}],"version-history":[{"count":7,"href":"https:\/\/reemploibtphautcantal.fr\/index.php\/wp-json\/wp\/v2\/pages\/92\/revisions"}],"predecessor-version":[{"id":128,"href":"https:\/\/reemploibtphautcantal.fr\/index.php\/wp-json\/wp\/v2\/pages\/92\/revisions\/128"}],"wp:attachment":[{"href":"https:\/\/reemploibtphautcantal.fr\/index.php\/wp-json\/wp\/v2\/media?parent=92"}],"curies":[{"name":"wp","href":"https:\/\/api.w.org\/{rel}","templated":true}]}}