{"id":88,"date":"2025-09-11T09:08:18","date_gmt":"2025-09-11T09:08:18","guid":{"rendered":"http:\/\/reemploibtphautcantal.fr\/?page_id=88"},"modified":"2025-10-03T08:51:40","modified_gmt":"2025-10-03T08:51:40","slug":"nous-aider","status":"publish","type":"page","link":"https:\/\/reemploibtphautcantal.fr\/index.php\/nous-aider\/","title":{"rendered":"NOUS AIDER"},"content":{"rendered":"\n<div class=\"wp-block-group has-white-background-color has-background is-layout-flow wp-block-group-is-layout-flow\" style=\"padding-top:var(--wp--preset--spacing--80);padding-right:0;padding-bottom:var(--wp--preset--spacing--80);padding-left:0\"><h1 style=\"font-style:normal;font-weight:700;\" class=\"has-text-align-center wp-block-site-title has-medium-font-size\"><a href=\"https:\/\/reemploibtphautcantal.fr\" target=\"_self\" rel=\"home\">R\u00c9EMPLOI BTP HAUT CANTAL<\/a><\/h1>\n\n<p class=\"has-text-align-center wp-block-site-tagline\">Ce projet vous int\u00e9resse vous voulez y contribuer?  Vous pouvez<\/p>\n\n\n<div style=\"height:20px\" aria-hidden=\"true\" class=\"wp-block-spacer\"><\/div>\n\n\n\n<div class=\"wp-block-buttons is-content-justification-center is-layout-flex wp-container-core-buttons-is-layout-a89b3969 wp-block-buttons-is-layout-flex\">\n<div class=\"wp-block-button has-custom-width wp-block-button__width-100\"><a class=\"wp-block-button__link wp-element-button\" href=\"https:\/\/reemploibtphautcantal.fr\/index.php\/questionnaire\/\">R\u00c9PONDRE AU QUESTIONNAIRE DE L\u2019\u00c9TUDE<\/a><\/div>\n\n\n\n<div class=\"wp-block-button has-custom-width wp-block-button__width-100\"><a class=\"wp-block-button__link wp-element-button\" href=\"https:\/\/www.helloasso.com\/associations\/reemploi-btp-haut-cantal\/adhesions\/adhesion-annuelle\">ADH\u00c9RER A L&#8217;ASSOCIATION<\/a><\/div>\n\n\n\n<div class=\"wp-block-button has-custom-width wp-block-button__width-100\"><a class=\"wp-block-button__link wp-element-button\" href=\"https:\/\/reemploibtphautcantal.fr\/index.php\/contact\/\">DEVENIR BENEVOLE ACTIF : pour aider \u00e0 la d\u00e9construction, \u00e0 la valorisation des mat\u00e9riaux, \u00e0 la tenue de permanence, etc&#8230; N&#8217;h\u00e9sitez pas \u00e0 utiliser le formulaire de contact pour nous faire un petit message.<\/a><\/div>\n\n\n\n<div class=\"wp-block-button has-custom-width wp-block-button__width-100 is-style-fill\"><a class=\"wp-block-button__link wp-element-button\" href=\"https:\/\/www.helloasso.com\/associations\/reemploi-btp-haut-cantal\/formulaires\/1\">FAIRE UN DON DE MAT\u00c9RIAUX<\/a><\/div>\n\n\n\n<div class=\"wp-block-button has-custom-width wp-block-button__width-100\"><a class=\"wp-block-button__link wp-element-button\" href=\"https:\/\/reemploibtphautcantal.fr\/index.php\/contact\/\">VOUS INSCRIRE \u00c0 LA NEWSLETTER<\/a><\/div>\n<\/div>\n<\/div>\n","protected":false},"excerpt":{"rendered":"","protected":false},"author":1,"featured_media":0,"parent":0,"menu_order":2,"comment_status":"closed","ping_status":"closed","template":"","meta":{"footnotes":""},"class_list":["post-88","page","type-page","status-publish","hentry"],"_links":{"self":[{"href":"https:\/\/reemploibtphautcantal.fr\/index.php\/wp-json\/wp\/v2\/pages\/88","targetHints":{"allow":["GET"]}}],"collection":[{"href":"https:\/\/reemploibtphautcantal.fr\/index.php\/wp-json\/wp\/v2\/pages"}],"about":[{"href":"https:\/\/reemploibtphautcantal.fr\/index.php\/wp-json\/wp\/v2\/types\/page"}],"author":[{"embeddable":true,"href":"https:\/\/reemploibtphautcantal.fr\/index.php\/wp-json\/wp\/v2\/users\/1"}],"replies":[{"embeddable":true,"href":"https:\/\/reemploibtphautcantal.fr\/index.php\/wp-json\/wp\/v2\/comments?post=88"}],"version-history":[{"count":6,"href":"https:\/\/reemploibtphautcantal.fr\/index.php\/wp-json\/wp\/v2\/pages\/88\/revisions"}],"predecessor-version":[{"id":179,"href":"https:\/\/reemploibtphautcantal.fr\/index.php\/wp-json\/wp\/v2\/pages\/88\/revisions\/179"}],"wp:attachment":[{"href":"https:\/\/reemploibtphautcantal.fr\/index.php\/wp-json\/wp\/v2\/media?parent=88"}],"curies":[{"name":"wp","href":"https:\/\/api.w.org\/{rel}","templated":true}]}}