{"id":50,"date":"2025-09-11T06:15:58","date_gmt":"2025-09-11T06:15:58","guid":{"rendered":"http:\/\/reemploibtphautcantal.fr\/?page_id=50"},"modified":"2025-09-18T12:01:00","modified_gmt":"2025-09-18T12:01:00","slug":"le-projet","status":"publish","type":"page","link":"https:\/\/reemploibtphautcantal.fr\/index.php\/le-projet\/","title":{"rendered":"LE PROJET"},"content":{"rendered":"\n<div class=\"wp-block-group alignfull has-ti-fg-alt-color has-ti-accent-background-color has-text-color has-background has-link-color wp-elements-ab5ea14e835161b4f9241bf3781134d9 is-layout-constrained wp-container-core-group-is-layout-2037270e wp-block-group-is-layout-constrained\" style=\"margin-top:0;margin-bottom:0;padding-top:var(--wp--preset--spacing--80);padding-right:var(--wp--preset--spacing--40);padding-bottom:var(--wp--preset--spacing--80);padding-left:var(--wp--preset--spacing--40)\">\n<div class=\"wp-block-columns is-layout-flex wp-container-core-columns-is-layout-28f84493 wp-block-columns-is-layout-flex\">\n<div class=\"wp-block-column is-layout-flow wp-block-column-is-layout-flow\" style=\"flex-basis:100%\">\n<figure class=\"wp-block-image size-full has-custom-border\"><img loading=\"lazy\" decoding=\"async\" width=\"1920\" height=\"1280\" src=\"https:\/\/reemploibtphautcantal.fr\/wp-content\/uploads\/2025\/09\/collaboration-9312740_1920.png\" alt=\"\" class=\"wp-image-141\" style=\"border-left-color:var(--wp--preset--color--ti-accent-secondary);border-left-width:16px;aspect-ratio:1;object-fit:cover\" srcset=\"https:\/\/reemploibtphautcantal.fr\/wp-content\/uploads\/2025\/09\/collaboration-9312740_1920.png 1920w, https:\/\/reemploibtphautcantal.fr\/wp-content\/uploads\/2025\/09\/collaboration-9312740_1920-300x200.png 300w, https:\/\/reemploibtphautcantal.fr\/wp-content\/uploads\/2025\/09\/collaboration-9312740_1920-1024x683.png 1024w, https:\/\/reemploibtphautcantal.fr\/wp-content\/uploads\/2025\/09\/collaboration-9312740_1920-768x512.png 768w, https:\/\/reemploibtphautcantal.fr\/wp-content\/uploads\/2025\/09\/collaboration-9312740_1920-1536x1024.png 1536w\" sizes=\"auto, (max-width: 1920px) 100vw, 1920px\" \/><\/figure>\n<\/div>\n\n\n\n<div class=\"wp-block-column is-layout-flow wp-block-column-is-layout-flow\" style=\"flex-basis:100%\">\n<h2 class=\"wp-block-heading\"><mark style=\"background-color:rgba(0, 0, 0, 0)\" class=\"has-inline-color has-ti-accent-secondary-color\">Qui sommes-nous ?<\/mark><\/h2>\n\n\n\n<p>Nous sommes un collectif d\u2019habitants du Nord Cantal stup\u00e9faits de la <strong>quantit\u00e9 de mat\u00e9riaux jet\u00e9s dans les d\u00e9chetteries alors qu\u2019ils sont encore en bon \u00e9tat.<\/strong><\/p>\n\n\n\n<p>Ces mat\u00e9riaux, que l\u2019on nomme l\u00e9galement \u00ab&nbsp;Produits et mat\u00e9riaux de Construction du secteur du B\u00e2timent&nbsp;\u00bb (ou PMCB&nbsp;!) partent alors vers des centres d\u2019enfouissement, d\u2019incin\u00e9ration ou, dans le meilleur des cas, de recyclage. Recyclage&nbsp;?! Comprenez qu\u2019ils sont export\u00e9s \u00e0 des centaines de kilom\u00e8tres pour \u00eatre tri\u00e9s, nettoy\u00e9s, broy\u00e9s, concass\u00e9s, fondus, etc&#8230;pour revenir, apr\u00e8s leur transport retour, dans les rayonnages de magasins sous une autre forme.<\/p>\n<\/div>\n<\/div>\n\n\n\n<div class=\"wp-block-columns is-layout-flex wp-container-core-columns-is-layout-28f84493 wp-block-columns-is-layout-flex\">\n<div class=\"wp-block-column is-layout-flow wp-block-column-is-layout-flow\" style=\"flex-basis:100%\">\n<h2 class=\"wp-block-heading has-text-align-center\"><strong><mark style=\"background-color:rgba(0, 0, 0, 0)\" class=\"has-inline-color has-ti-accent-secondary-color\">Nous voulons faire mieux !<\/mark><\/strong><\/h2>\n\n\n\n<p class=\"has-text-align-left\">Nous voulons ouvrir <strong><mark style=\"background-color:rgba(0, 0, 0, 0)\" class=\"has-inline-color has-ti-accent-secondary-color\">un p\u00f4le d\u00e9di\u00e9 au r\u00e9emploi<\/mark> <\/strong>de ces PMCB, pour pouvoir les utiliser de nouveau, dans un rayon proche de leur premier emploi. Ces mat\u00e9riaux r\u00e9cup\u00e9r\u00e9s deviendraient ainsi des ressources sur de nouveaux projets, permettant ainsi de minimiser les co\u00fbts et de r\u00e9duire l&#8217;impact carbone.<br>Nous voulons imaginer une structure dans laquelle vous pourrez trouver une mat\u00e9riauth\u00e8que (= ressourcerie des mat\u00e9riaux) o\u00f9 vous pourrez achetez des mat\u00e9riaux de seconde main (ex&nbsp;: quincaillerie, bois, tuiles, plomberie, vitrage,\u2026). Un P\u00f4le qui accueillerait des professionnels pour intervenir <strong>sur vos chantiers pour la d\u00e9construction et la r\u00e9cup\u00e9ration de mat\u00e9riaux,<\/strong> pour vous accompagner dans vos projets de construction et de r\u00e9novation favorisant le r\u00e9emploi \u2026<br>Ceci n\u2019est qu\u2019une liste non exhaustive d\u2019id\u00e9es&nbsp;: tout est \u00e0 imaginer <strong><mark style=\"background-color:rgba(0, 0, 0, 0)\" class=\"has-inline-color has-ti-accent-secondary-color\">ENSEMBLE !<\/mark><\/strong><br>C\u2019est pourquoi nous lan\u00e7ons une \u00e9tude-action \u00e0 partir de septembre 2025. Nous souhaitons recueillir les avis des entreprises, des r\u00e9sidents mais aussi des collectivit\u00e9s&nbsp;locales&nbsp;: qui serait pr\u00eat \u00e0 donner&nbsp;?\u2026quel est le besoin&nbsp;?\u2026dans quelles conditions&nbsp;? Pour ensuite, r\u00e9fl\u00e9chir collectivement aux solutions \u00e0 d\u00e9velopper pour implanter une fili\u00e8re r\u00e9emploi dans le Nord Cantal.<\/p>\n\n\n\n<div class=\"wp-block-columns is-layout-flex wp-container-core-columns-is-layout-28f84493 wp-block-columns-is-layout-flex\">\n<div class=\"wp-block-column is-layout-flow wp-container-core-column-is-layout-c43c6636 wp-block-column-is-layout-flow\" style=\"padding-right:0;padding-left:0;flex-basis:80%\">\n<p>Vous \u00eates adepte du vocabulaire, \u00abmat\u00e9riauth\u00e8que\u00bb, \u00abdiagnostic ressource\u00bb ou encore \u00abd\u00e9pose s\u00e9lective\u00bb et \u00abPMCB\u00bb passez directement au questionnaire pour participer \u00e0 l\u2019\u00e9tude-action !<\/p>\n<\/div>\n\n\n\n<div class=\"wp-block-column is-vertically-aligned-center is-layout-flow wp-block-column-is-layout-flow\">\n<div class=\"wp-block-buttons is-content-justification-right is-layout-flex wp-container-core-buttons-is-layout-d445cf74 wp-block-buttons-is-layout-flex\">\n<div class=\"wp-block-button is-style-outline is-style-outline--1\"><a class=\"wp-block-button__link wp-element-button\" href=\"https:\/\/reemploibtphautcantal.fr\/index.php\/questionnaire\/\">C&#8217;est ici<\/a><\/div>\n<\/div>\n<\/div>\n<\/div>\n\n\n\n<div class=\"wp-block-columns is-layout-flex wp-container-core-columns-is-layout-28f84493 wp-block-columns-is-layout-flex\">\n<div class=\"wp-block-column is-vertically-aligned-center is-layout-flow wp-container-core-column-is-layout-c43c6636 wp-block-column-is-layout-flow\" style=\"padding-right:0;padding-left:0;flex-basis:80%\">\n<p>Le sujet vous interpelle, vous ne connaissez pas le r\u00e9emploi des Produits et Mat\u00e9riaux de Construction du secteur du B\u00e2timent (PMCB) et\/ou vous voulez en savoir plus.<\/p>\n<\/div>\n\n\n\n<div class=\"wp-block-column is-vertically-aligned-center is-layout-flow wp-block-column-is-layout-flow\">\n<div class=\"wp-block-buttons is-content-justification-right is-layout-flex wp-container-core-buttons-is-layout-d445cf74 wp-block-buttons-is-layout-flex\">\n<div class=\"wp-block-button is-style-outline is-style-outline--2\"><a class=\"wp-block-button__link wp-element-button\" href=\"https:\/\/reemploibtphautcantal.fr\/index.php\/kezako\/\">C&#8217;est ici<\/a><\/div>\n<\/div>\n<\/div>\n<\/div>\n<\/div>\n<\/div>\n<\/div>\n","protected":false},"excerpt":{"rendered":"<p>Qui sommes-nous ? Nous sommes un collectif d\u2019habitants du Nord Cantal stup\u00e9faits de la quantit\u00e9 de mat\u00e9riaux jet\u00e9s dans les d\u00e9chetteries alors qu\u2019ils sont encore en bon \u00e9tat. Ces mat\u00e9riaux, que l\u2019on nomme l\u00e9galement \u00ab&nbsp;Produits et mat\u00e9riaux de Construction du secteur du B\u00e2timent&nbsp;\u00bb (ou PMCB&nbsp;!) partent alors vers des centres d\u2019enfouissement, d\u2019incin\u00e9ration ou, dans le [&hellip;]<\/p>\n","protected":false},"author":1,"featured_media":0,"parent":0,"menu_order":1,"comment_status":"closed","ping_status":"closed","template":"","meta":{"footnotes":""},"class_list":["post-50","page","type-page","status-publish","hentry"],"_links":{"self":[{"href":"https:\/\/reemploibtphautcantal.fr\/index.php\/wp-json\/wp\/v2\/pages\/50","targetHints":{"allow":["GET"]}}],"collection":[{"href":"https:\/\/reemploibtphautcantal.fr\/index.php\/wp-json\/wp\/v2\/pages"}],"about":[{"href":"https:\/\/reemploibtphautcantal.fr\/index.php\/wp-json\/wp\/v2\/types\/page"}],"author":[{"embeddable":true,"href":"https:\/\/reemploibtphautcantal.fr\/index.php\/wp-json\/wp\/v2\/users\/1"}],"replies":[{"embeddable":true,"href":"https:\/\/reemploibtphautcantal.fr\/index.php\/wp-json\/wp\/v2\/comments?post=50"}],"version-history":[{"count":26,"href":"https:\/\/reemploibtphautcantal.fr\/index.php\/wp-json\/wp\/v2\/pages\/50\/revisions"}],"predecessor-version":[{"id":142,"href":"https:\/\/reemploibtphautcantal.fr\/index.php\/wp-json\/wp\/v2\/pages\/50\/revisions\/142"}],"wp:attachment":[{"href":"https:\/\/reemploibtphautcantal.fr\/index.php\/wp-json\/wp\/v2\/media?parent=50"}],"curies":[{"name":"wp","href":"https:\/\/api.w.org\/{rel}","templated":true}]}}