{"id":39,"date":"2025-09-11T06:14:38","date_gmt":"2025-09-11T06:14:38","guid":{"rendered":"http:\/\/reemploibtphautcantal.fr\/?page_id=39"},"modified":"2026-03-05T06:51:00","modified_gmt":"2026-03-05T06:51:00","slug":"dons","status":"publish","type":"page","link":"https:\/\/reemploibtphautcantal.fr\/index.php\/dons\/","title":{"rendered":"NOS MAT\u00c9RIAUX D&#8217;OCCASIONS"},"content":{"rendered":"\n<div class=\"wp-block-group alignfull has-ti-fg-alt-color has-ti-accent-background-color has-text-color has-background has-link-color wp-elements-1ce5a1c9c3e97fba6331f6ac53b5f4a3 is-layout-constrained wp-container-core-group-is-layout-2037270e wp-block-group-is-layout-constrained\" style=\"margin-top:0;margin-bottom:0;padding-top:var(--wp--preset--spacing--80);padding-right:var(--wp--preset--spacing--40);padding-bottom:var(--wp--preset--spacing--80);padding-left:var(--wp--preset--spacing--40)\">\n<div class=\"wp-block-columns is-layout-flex wp-container-core-columns-is-layout-28f84493 wp-block-columns-is-layout-flex\">\n<div class=\"wp-block-column is-layout-flow wp-block-column-is-layout-flow\" style=\"flex-basis:100%\">\n<p>De septembre 2025 \u00e0 septembre 2026, nous testons la d\u00e9construction et la r\u00e9cup\u00e9ration de mat\u00e9riaux que nous revendons \u00e0 prix bas ( 1\/5 \u00e0 1\/3 du prix du commerce selon l\u2019\u00e9tat). En attendant un local pour la vente directe, nous diffuserons ici nos stocks.<\/p>\n\n\n\n<div class=\"wp-block-columns is-layout-flex wp-container-core-columns-is-layout-28f84493 wp-block-columns-is-layout-flex\">\n<div class=\"wp-block-column is-layout-flow wp-block-column-is-layout-flow\" style=\"flex-basis:80%\">\n<p>Vous \u00eates int\u00e9ress\u00e9s ? Rien de plus simple, il suffit de nous contacter : 06.03.30.97.26. ou <a href=\"https:\/\/reemploibtphautcantal.fr\/index.php\/contact\/\">ici<\/a> !<\/p>\n<\/div>\n<\/div>\n<\/div>\n<\/div>\n<\/div>\n\n\n\n<div class=\"wp-block-columns is-layout-flex wp-container-core-columns-is-layout-28f84493 wp-block-columns-is-layout-flex\">\n<div class=\"wp-block-column is-layout-flow wp-block-column-is-layout-flow\" style=\"flex-basis:100%\">\n<div class=\"wp-block-columns is-layout-flex wp-container-core-columns-is-layout-28f84493 wp-block-columns-is-layout-flex\">\n<div class=\"wp-block-column is-layout-flow wp-block-column-is-layout-flow\" style=\"flex-basis:100%\">\n<div class=\"wp-block-cover alignfull is-light\" style=\"min-height:500px;aspect-ratio:unset;\"><span aria-hidden=\"true\" class=\"wp-block-cover__background has-background-dim-100 has-background-dim\" style=\"background-color:#ffffff\"><\/span><div class=\"wp-block-cover__inner-container is-layout-flow wp-block-cover-is-layout-flow\">\n<div class=\"wp-block-media-text alignwide is-stacked-on-mobile is-vertically-aligned-center is-image-fill-element\" style=\"grid-template-columns:18% auto\"><figure class=\"wp-block-media-text__media\"><img loading=\"lazy\" decoding=\"async\" width=\"771\" height=\"1024\" src=\"https:\/\/reemploibtphautcantal.fr\/wp-content\/uploads\/2026\/03\/image0000001.jpg\" alt=\"\" class=\"wp-image-256 size-full\" style=\"object-position:50% 50%\" srcset=\"https:\/\/reemploibtphautcantal.fr\/wp-content\/uploads\/2026\/03\/image0000001.jpg 771w, https:\/\/reemploibtphautcantal.fr\/wp-content\/uploads\/2026\/03\/image0000001-226x300.jpg 226w, https:\/\/reemploibtphautcantal.fr\/wp-content\/uploads\/2026\/03\/image0000001-768x1020.jpg 768w\" sizes=\"auto, (max-width: 771px) 100vw, 771px\" \/><\/figure><div class=\"wp-block-media-text__content\">\n<h2 class=\"wp-block-heading has-text-color\" style=\"color:#000000;font-size:clamp(20px, 1.25rem + ((1vw - 3.2px) * 1.463), 32px);\"><strong><mark style=\"background-color:rgba(0, 0, 0, 0)\" class=\"has-inline-color has-ti-fg-color\"><strong><strong>Porte de service PVC pleine<\/strong><\/strong><\/mark><\/strong><\/h2>\n\n\n\n<p class=\"has-text-color\" style=\"color:#000000;font-size:clamp(14px, 0.875rem + ((1vw - 3.2px) * 0.366), 17px);\">dimension hors tout : H208*L85cm<\/p>\n\n\n\n<p>20\u20ac<\/p>\n<\/div><\/div>\n\n\n\n<div class=\"wp-block-media-text alignwide is-stacked-on-mobile is-vertically-aligned-center is-image-fill-element\" style=\"grid-template-columns:18% auto\"><figure class=\"wp-block-media-text__media\"><img loading=\"lazy\" decoding=\"async\" width=\"768\" height=\"1024\" src=\"https:\/\/reemploibtphautcantal.fr\/wp-content\/uploads\/2026\/02\/image20260221_105306086.jpg\" alt=\"\" class=\"wp-image-246 size-full\" style=\"object-position:50% 50%\" srcset=\"https:\/\/reemploibtphautcantal.fr\/wp-content\/uploads\/2026\/02\/image20260221_105306086.jpg 768w, https:\/\/reemploibtphautcantal.fr\/wp-content\/uploads\/2026\/02\/image20260221_105306086-225x300.jpg 225w\" sizes=\"auto, (max-width: 768px) 100vw, 768px\" \/><\/figure><div class=\"wp-block-media-text__content\">\n<h2 class=\"wp-block-heading has-text-color\" style=\"color:#000000;font-size:clamp(20px, 1.25rem + ((1vw - 3.2px) * 1.463), 32px);\"><strong><mark style=\"background-color:rgba(0, 0, 0, 0)\" class=\"has-inline-color has-ti-fg-color\"><strong><strong>boisseau chemin\u00e9e terre cuite<\/strong><\/strong><\/mark><\/strong> <\/h2>\n\n\n\n<p class=\"has-text-color\" style=\"color:#000000;font-size:clamp(14px, 0.875rem + ((1vw - 3.2px) * 0.366), 17px);\">\u00f8 int\u00e9rieur 20cm &#8211; \u00f8 ext\u00e9rieur 30cm &#8211; H: 33cm<\/p>\n\n\n\n<p>2 unit\u00e9s<\/p>\n\n\n\n<p>10\u20ac l&#8217;unit\u00e9<\/p>\n<\/div><\/div>\n\n\n\n<div class=\"wp-block-media-text alignwide is-stacked-on-mobile is-vertically-aligned-center is-image-fill-element\" style=\"grid-template-columns:18% auto\"><figure class=\"wp-block-media-text__media\"><img loading=\"lazy\" decoding=\"async\" width=\"768\" height=\"1024\" src=\"https:\/\/reemploibtphautcantal.fr\/wp-content\/uploads\/2026\/02\/image20260127_104017074.jpg\" alt=\"\" class=\"wp-image-209 size-full\" style=\"object-position:54% 46%\" srcset=\"https:\/\/reemploibtphautcantal.fr\/wp-content\/uploads\/2026\/02\/image20260127_104017074.jpg 768w, https:\/\/reemploibtphautcantal.fr\/wp-content\/uploads\/2026\/02\/image20260127_104017074-225x300.jpg 225w\" sizes=\"auto, (max-width: 768px) 100vw, 768px\" \/><\/figure><div class=\"wp-block-media-text__content\">\n<h2 class=\"wp-block-heading has-text-color\" style=\"color:#000000;font-size:clamp(20px, 1.25rem + ((1vw - 3.2px) * 1.463), 32px);\"><strong><mark style=\"background-color:rgba(0, 0, 0, 0)\" class=\"has-inline-color has-ti-fg-color\">DON &#8211; pav\u00e9s de ciment<\/mark><\/strong><\/h2>\n\n\n\n<p class=\"has-text-color\" style=\"color:#000000;font-size:clamp(14px, 0.875rem + ((1vw - 3.2px) * 0.366), 17px);\"><mark style=\"background-color:rgba(0, 0, 0, 0)\" class=\"has-inline-color has-ti-fg-color\">Lot de 20 pav\u00e9s ciment<\/mark><\/p>\n<\/div><\/div>\n\n\n\n<div class=\"wp-block-media-text alignwide is-stacked-on-mobile is-vertically-aligned-center is-image-fill-element\" style=\"grid-template-columns:18% auto\"><figure class=\"wp-block-media-text__media\"><img loading=\"lazy\" decoding=\"async\" width=\"768\" height=\"1024\" src=\"https:\/\/reemploibtphautcantal.fr\/wp-content\/uploads\/2026\/02\/image20260216_105814130.jpg\" alt=\"\" class=\"wp-image-234 size-full\" style=\"object-position:50% 50%\" srcset=\"https:\/\/reemploibtphautcantal.fr\/wp-content\/uploads\/2026\/02\/image20260216_105814130.jpg 768w, https:\/\/reemploibtphautcantal.fr\/wp-content\/uploads\/2026\/02\/image20260216_105814130-225x300.jpg 225w\" sizes=\"auto, (max-width: 768px) 100vw, 768px\" \/><\/figure><div class=\"wp-block-media-text__content\">\n<h2 class=\"wp-block-heading has-text-color\" style=\"color:#000000;font-size:clamp(20px, 1.25rem + ((1vw - 3.2px) * 1.463), 32px);\"><strong><mark style=\"background-color:rgba(0, 0, 0, 0)\" class=\"has-inline-color has-ti-fg-color\"><strong><strong>DON &#8211; tuiles m\u00e9caniques terre cuite<\/strong> <\/strong><\/mark><\/strong><\/h2>\n\n\n\n<p class=\"has-text-color\" style=\"color:#000000;font-size:clamp(14px, 0.875rem + ((1vw - 3.2px) * 0.366), 17px);\">18 tuiles soit &lt;2m\u00b2<\/p>\n<\/div><\/div>\n\n\n\n<div class=\"wp-block-media-text alignwide is-stacked-on-mobile is-vertically-aligned-center is-image-fill-element\" style=\"grid-template-columns:18% auto\"><figure class=\"wp-block-media-text__media\"><img loading=\"lazy\" decoding=\"async\" width=\"768\" height=\"1024\" src=\"https:\/\/reemploibtphautcantal.fr\/wp-content\/uploads\/2026\/02\/image20260216_113304660.jpg\" alt=\"\" class=\"wp-image-233 size-full\" style=\"object-position:50% 50%\" srcset=\"https:\/\/reemploibtphautcantal.fr\/wp-content\/uploads\/2026\/02\/image20260216_113304660.jpg 768w, https:\/\/reemploibtphautcantal.fr\/wp-content\/uploads\/2026\/02\/image20260216_113304660-225x300.jpg 225w\" sizes=\"auto, (max-width: 768px) 100vw, 768px\" \/><\/figure><div class=\"wp-block-media-text__content\">\n<h2 class=\"wp-block-heading has-text-color\" style=\"color:#000000;font-size:clamp(20px, 1.25rem + ((1vw - 3.2px) * 1.463), 32px);\"><strong><mark style=\"background-color:rgba(0, 0, 0, 0)\" class=\"has-inline-color has-ti-fg-color\"><strong><strong>DON &#8211; tuiles m\u00e9caniques terre cuite<\/strong> <\/strong><\/mark><\/strong><\/h2>\n\n\n\n<p class=\"has-text-color\" style=\"color:#000000;font-size:clamp(14px, 0.875rem + ((1vw - 3.2px) * 0.366), 17px);\">23 tuiles soit ~ 2m\u00b2<\/p>\n<\/div><\/div>\n\n\n\n<div class=\"wp-block-media-text alignwide is-stacked-on-mobile is-vertically-aligned-center is-image-fill-element\" style=\"grid-template-columns:18% auto\"><figure class=\"wp-block-media-text__media\"><img loading=\"lazy\" decoding=\"async\" width=\"768\" height=\"1024\" src=\"https:\/\/reemploibtphautcantal.fr\/wp-content\/uploads\/2026\/02\/image20260216_110349266.jpg\" alt=\"\" class=\"wp-image-230 size-full\" style=\"object-position:50% 50%\" srcset=\"https:\/\/reemploibtphautcantal.fr\/wp-content\/uploads\/2026\/02\/image20260216_110349266.jpg 768w, https:\/\/reemploibtphautcantal.fr\/wp-content\/uploads\/2026\/02\/image20260216_110349266-225x300.jpg 225w\" sizes=\"auto, (max-width: 768px) 100vw, 768px\" \/><\/figure><div class=\"wp-block-media-text__content\">\n<h2 class=\"wp-block-heading has-text-color\" style=\"color:#000000;font-size:clamp(20px, 1.25rem + ((1vw - 3.2px) * 1.463), 32px);\"><strong><mark style=\"background-color:rgba(0, 0, 0, 0)\" class=\"has-inline-color has-ti-fg-color\"><strong><strong>DON &#8211; tuiles m\u00e9caniques terre cuite<\/strong> <\/strong><\/mark><\/strong><\/h2>\n\n\n\n<p class=\"has-text-color\" style=\"color:#000000;font-size:clamp(14px, 0.875rem + ((1vw - 3.2px) * 0.366), 17px);\">56 tuiles soit ~5m\u00b2<\/p>\n<\/div><\/div>\n\n\n\n<div class=\"wp-block-media-text alignwide is-stacked-on-mobile is-vertically-aligned-center is-image-fill-element\" style=\"grid-template-columns:18% auto\"><figure class=\"wp-block-media-text__media\"><img loading=\"lazy\" decoding=\"async\" width=\"768\" height=\"1024\" src=\"https:\/\/reemploibtphautcantal.fr\/wp-content\/uploads\/2026\/02\/plan_travail.jpg\" alt=\"\" class=\"wp-image-236 size-full\" style=\"object-position:50% 50%\" srcset=\"https:\/\/reemploibtphautcantal.fr\/wp-content\/uploads\/2026\/02\/plan_travail.jpg 768w, https:\/\/reemploibtphautcantal.fr\/wp-content\/uploads\/2026\/02\/plan_travail-225x300.jpg 225w\" sizes=\"auto, (max-width: 768px) 100vw, 768px\" \/><\/figure><div class=\"wp-block-media-text__content\">\n<h2 class=\"wp-block-heading has-text-color\" style=\"color:#000000;font-size:clamp(20px, 1.25rem + ((1vw - 3.2px) * 1.463), 32px);\"><strong><mark style=\"background-color:rgba(0, 0, 0, 0)\" class=\"has-inline-color has-ti-fg-color\"><strong><strong>plan de travail<\/strong><\/strong><\/mark><\/strong><\/h2>\n\n\n\n<p class=\"has-text-color\" style=\"color:#000000;font-size:clamp(14px, 0.875rem + ((1vw - 3.2px) * 0.366), 17px);\">bois agglom\u00e9r\u00e9 &#8211; <\/p>\n<\/div><\/div>\n<\/div><\/div>\n<\/div>\n<\/div>\n<\/div>\n<\/div>\n\n\n\n<div class=\"wp-block-columns is-layout-flex wp-container-core-columns-is-layout-28f84493 wp-block-columns-is-layout-flex\">\n<div class=\"wp-block-column is-layout-flow wp-block-column-is-layout-flow\" style=\"flex-basis:100%\"><\/div>\n<\/div>\n\n\n\n<div class=\"wp-block-group alignfull has-ti-fg-alt-color has-ti-accent-background-color has-text-color has-background has-link-color wp-elements-2bd54b75040479c2e4881a8e169a3d66 is-layout-constrained wp-container-core-group-is-layout-2037270e wp-block-group-is-layout-constrained\" style=\"margin-top:0;margin-bottom:0;padding-top:var(--wp--preset--spacing--80);padding-right:var(--wp--preset--spacing--40);padding-bottom:var(--wp--preset--spacing--80);padding-left:var(--wp--preset--spacing--40)\">\n<div class=\"wp-block-columns is-layout-flex wp-container-core-columns-is-layout-28f84493 wp-block-columns-is-layout-flex\">\n<div class=\"wp-block-column is-layout-flow wp-block-column-is-layout-flow\" style=\"flex-basis:100%\">\n<p>Vous avez un projet de r\u00e9novation ou des mat\u00e9riaux \u00e0 donner\u00a0? Que vous soyez un particulier, un \u00e9lu ou un professionnel, nous pouvons intervenir gratuitement\u00a0pour r\u00e9aliser un diagnostic ressource et la d\u00e9pose s\u00e9lective. B\u00e9n\u00e9ficiez de notre expertise en contrepartie de la r\u00e9cup\u00e9ration de mat\u00e9riaux issus de votre chantier. <\/p>\n\n\n\n<div class=\"wp-block-columns is-layout-flex wp-container-core-columns-is-layout-28f84493 wp-block-columns-is-layout-flex\">\n<div class=\"wp-block-column is-layout-flow wp-block-column-is-layout-flow\" style=\"flex-basis:80%\">\n<p>Pour plus d&#8217;informations : 06 03 30 97 26 ou  <a href=\"https:\/\/reemploibtphautcantal.fr\/index.php\/contact\/\">via le formulaire ici<\/a><\/p>\n<\/div>\n<\/div>\n<\/div>\n<\/div>\n<\/div>\n\n\n\n<p><\/p>\n\n\n\n<p><\/p>\n","protected":false},"excerpt":{"rendered":"<p>De septembre 2025 \u00e0 septembre 2026, nous testons la d\u00e9construction et la r\u00e9cup\u00e9ration de mat\u00e9riaux que nous revendons \u00e0 prix bas ( 1\/5 \u00e0 1\/3 du prix du commerce selon l\u2019\u00e9tat). En attendant un local pour la vente directe, nous diffuserons ici nos stocks. Vous \u00eates int\u00e9ress\u00e9s ? Rien de plus simple, il suffit de [&hellip;]<\/p>\n","protected":false},"author":1,"featured_media":0,"parent":0,"menu_order":3,"comment_status":"closed","ping_status":"closed","template":"","meta":{"footnotes":""},"class_list":["post-39","page","type-page","status-publish","hentry"],"_links":{"self":[{"href":"https:\/\/reemploibtphautcantal.fr\/index.php\/wp-json\/wp\/v2\/pages\/39","targetHints":{"allow":["GET"]}}],"collection":[{"href":"https:\/\/reemploibtphautcantal.fr\/index.php\/wp-json\/wp\/v2\/pages"}],"about":[{"href":"https:\/\/reemploibtphautcantal.fr\/index.php\/wp-json\/wp\/v2\/types\/page"}],"author":[{"embeddable":true,"href":"https:\/\/reemploibtphautcantal.fr\/index.php\/wp-json\/wp\/v2\/users\/1"}],"replies":[{"embeddable":true,"href":"https:\/\/reemploibtphautcantal.fr\/index.php\/wp-json\/wp\/v2\/comments?post=39"}],"version-history":[{"count":40,"href":"https:\/\/reemploibtphautcantal.fr\/index.php\/wp-json\/wp\/v2\/pages\/39\/revisions"}],"predecessor-version":[{"id":258,"href":"https:\/\/reemploibtphautcantal.fr\/index.php\/wp-json\/wp\/v2\/pages\/39\/revisions\/258"}],"wp:attachment":[{"href":"https:\/\/reemploibtphautcantal.fr\/index.php\/wp-json\/wp\/v2\/media?parent=39"}],"curies":[{"name":"wp","href":"https:\/\/api.w.org\/{rel}","templated":true}]}}